{"id":182,"date":"2011-11-28T16:06:40","date_gmt":"2011-11-28T15:06:40","guid":{"rendered":"http:\/\/www.freizeitclub2001.at\/?page_id=182"},"modified":"2021-04-13T20:33:09","modified_gmt":"2021-04-13T19:33:09","slug":"grundung","status":"publish","type":"page","link":"https:\/\/www.freizeitclub2001.at\/?page_id=182","title":{"rendered":"Gr\u00fcndung"},"content":{"rendered":"<p><span style=\"font-family: arial,Tekton,Blueprint,Dom Casual,Dom Casual BT; font-size: x-small;\"><span style=\"font-family: Comic Sans MS,Tekton,Blueprint,Dom Casual,Dom Casual BT; font-size: x-small;\">\u00a0<\/span><\/span><\/p>\n<p><span style=\"font-family: arial; color: #663399; font-size: medium;\">Im Jahre 2001 kam Robert auf die Idee, die sporadisch stattfindenden Aktivit\u00e4ten mehrerer Freunde doch auf eine solide Vereinsbasis zu stellen. Am 25. August wurde in Pregarten eine Gr\u00fcndungsversammlung abgehalten, unmittelbar anschlie\u00dfend die beh\u00f6rdliche Absegnung eingeholt. Das Gr\u00fcndungsfest am 20. Oktober 2001 beim Kemetm\u00fcller in Neuhofen an der Krems war unsere erste gemeinsame Clubaktivit\u00e4t, deren noch viele gefolgt sind und noch viele folgen werden.<\/span><\/p>\n","protected":false},"excerpt":{"rendered":"<p>\u00a0 Im Jahre 2001 kam Robert auf die Idee, die sporadisch stattfindenden Aktivit\u00e4ten mehrerer Freunde doch auf eine solide Vereinsbasis zu stellen. Am 25. August wurde in Pregarten eine Gr\u00fcndungsversammlung abgehalten, unmittelbar anschlie\u00dfend die beh\u00f6rdliche Absegnung eingeholt. Das Gr\u00fcndungsfest am 20. Oktober 2001 beim Kemetm\u00fcller in Neuhofen an der Krems war unsere erste gemeinsame Clubaktivit\u00e4t, [&hellip;]<\/p>\n","protected":false},"author":1,"featured_media":0,"parent":184,"menu_order":1,"comment_status":"closed","ping_status":"closed","template":"","meta":{"footnotes":""},"class_list":["post-182","page","type-page","status-publish","hentry"],"_links":{"self":[{"href":"https:\/\/www.freizeitclub2001.at\/index.php?rest_route=\/wp\/v2\/pages\/182","targetHints":{"allow":["GET"]}}],"collection":[{"href":"https:\/\/www.freizeitclub2001.at\/index.php?rest_route=\/wp\/v2\/pages"}],"about":[{"href":"https:\/\/www.freizeitclub2001.at\/index.php?rest_route=\/wp\/v2\/types\/page"}],"author":[{"embeddable":true,"href":"https:\/\/www.freizeitclub2001.at\/index.php?rest_route=\/wp\/v2\/users\/1"}],"replies":[{"embeddable":true,"href":"https:\/\/www.freizeitclub2001.at\/index.php?rest_route=%2Fwp%2Fv2%2Fcomments&post=182"}],"version-history":[{"count":5,"href":"https:\/\/www.freizeitclub2001.at\/index.php?rest_route=\/wp\/v2\/pages\/182\/revisions"}],"predecessor-version":[{"id":12553,"href":"https:\/\/www.freizeitclub2001.at\/index.php?rest_route=\/wp\/v2\/pages\/182\/revisions\/12553"}],"up":[{"embeddable":true,"href":"https:\/\/www.freizeitclub2001.at\/index.php?rest_route=\/wp\/v2\/pages\/184"}],"wp:attachment":[{"href":"https:\/\/www.freizeitclub2001.at\/index.php?rest_route=%2Fwp%2Fv2%2Fmedia&parent=182"}],"curies":[{"name":"wp","href":"https:\/\/api.w.org\/{rel}","templated":true}]}}