{"id":184,"date":"2024-12-13T16:59:09","date_gmt":"2024-12-13T15:59:09","guid":{"rendered":"http:\/\/www.freizeitclub2001.at\/?page_id=184"},"modified":"2024-12-13T16:59:09","modified_gmt":"2024-12-13T15:59:09","slug":"clubdetails","status":"publish","type":"page","link":"https:\/\/www.freizeitclub2001.at\/?page_id=184","title":{"rendered":"Clubdetails"},"content":{"rendered":"<p><span style=\"font-family: arial; color: #990000; font-size: medium;\">Unseren FREiZEiTCLUB 2001 gibt es, wie der Name verr\u00e4t, seit\u00a0mehr als 20 Jahren<\/span><\/p>\n<p><span style=\"font-family: arial; color: #990000; font-size: medium;\">WIR sind derzeit ca. 50 Aktive, die einiges an Zeit miteinander verbringen<\/span><\/p>\n<p><span style=\"font-family: arial; color: #990000; font-size: medium;\">WIR kommen aus mehreren Bezirken Ober- und Nieder\u00f6sterreichs.<\/span><\/p>\n<p><span style=\"font-family: arial; color: #990000; font-size: medium;\">Aktivit\u00e4ten k\u00f6nnen von allen Mitgliedern vorgeschlagen werden. Wer dann daran Teil nimmt, liegt im Interesse des Einzelnen<\/span><\/p>\n<p><span style=\"font-family: arial; color: #990000; font-size: medium;\">Der Club tendiert zu keiner politischen Gruppierung<\/span><\/p>\n<p><span style=\"color: #993366;\">Alle Texte gelten sowohl f\u00fcr M\u00e4nnlein, Weiblein und Kindlein!<\/span><\/p>\n<p><span style=\"font-family: arial; color: #990000; font-size: medium;\">DU willst Teile Deiner Freizeit mit uns verbringen? Oder nur ein-, zweimal hineinschnuppern?<\/span><\/p>\n<p><span style=\"font-size: medium;\"><span style=\"color: #990000;\"><span style=\"font-family: arial;\">Wir sind erreichbar unter: <\/span><\/span><\/span><\/p>\n<p><span style=\"font-size: medium;\"><span style=\"color: #990000;\"><span style=\"font-family: arial;\">tel. 0677 &#8211; 6160 3848&#8230;oder&#8230; <\/span><span style=\"font-family: arial; color: #cc6600;\"><a href=\"mailto:freizeitclub2001@mywave.at\">mein<span style=\"color: #ff0000;\">X<\/span>freizeitclub2001.at<\/a><\/span><\/span><\/span><\/p>\n<p><span style=\"font-size: medium;\"><span style=\"color: #990000;\"><span style=\"font-family: arial; color: #cc6600;\">Wegen Spamvermeidung bitte das <span style=\"color: #ff0000;\">X<\/span> durch<span style=\"color: #ff0000;\"> @<\/span> ersetzen!<\/span><\/span><\/span><\/p>\n","protected":false},"excerpt":{"rendered":"<p>Unseren FREiZEiTCLUB 2001 gibt es, wie der Name verr\u00e4t, seit\u00a0mehr als 20 Jahren WIR sind derzeit ca. 50 Aktive, die einiges an Zeit miteinander verbringen WIR kommen aus mehreren Bezirken Ober- und Nieder\u00f6sterreichs. Aktivit\u00e4ten k\u00f6nnen von allen Mitgliedern vorgeschlagen werden. Wer dann daran Teil nimmt, liegt im Interesse des Einzelnen Der Club tendiert zu keiner [&hellip;]<\/p>\n","protected":false},"author":1,"featured_media":0,"parent":0,"menu_order":1,"comment_status":"open","ping_status":"closed","template":"","meta":{"footnotes":""},"class_list":["post-184","page","type-page","status-publish","hentry"],"_links":{"self":[{"href":"https:\/\/www.freizeitclub2001.at\/index.php?rest_route=\/wp\/v2\/pages\/184","targetHints":{"allow":["GET"]}}],"collection":[{"href":"https:\/\/www.freizeitclub2001.at\/index.php?rest_route=\/wp\/v2\/pages"}],"about":[{"href":"https:\/\/www.freizeitclub2001.at\/index.php?rest_route=\/wp\/v2\/types\/page"}],"author":[{"embeddable":true,"href":"https:\/\/www.freizeitclub2001.at\/index.php?rest_route=\/wp\/v2\/users\/1"}],"replies":[{"embeddable":true,"href":"https:\/\/www.freizeitclub2001.at\/index.php?rest_route=%2Fwp%2Fv2%2Fcomments&post=184"}],"version-history":[{"count":18,"href":"https:\/\/www.freizeitclub2001.at\/index.php?rest_route=\/wp\/v2\/pages\/184\/revisions"}],"predecessor-version":[{"id":14956,"href":"https:\/\/www.freizeitclub2001.at\/index.php?rest_route=\/wp\/v2\/pages\/184\/revisions\/14956"}],"wp:attachment":[{"href":"https:\/\/www.freizeitclub2001.at\/index.php?rest_route=%2Fwp%2Fv2%2Fmedia&parent=184"}],"curies":[{"name":"wp","href":"https:\/\/api.w.org\/{rel}","templated":true}]}}